{"id":55,"date":"2019-01-28T18:56:46","date_gmt":"2019-01-28T16:56:46","guid":{"rendered":"https:\/\/www.kohotahti.fi\/index.php\/etusivu-2\/"},"modified":"2019-01-31T23:38:01","modified_gmt":"2019-01-31T21:38:01","slug":"etusivu-2","status":"publish","type":"page","link":"https:\/\/www.kohotahti.fi\/","title":{"rendered":"ETUSIVU"},"content":{"rendered":"<p><!-- epsilon\/advanced-slider --><br \/>\n<!-- epsilon\/Slides --><\/p>\n<p>16<\/p>\n<p>16<br \/>\n100<br \/>\ncenter<br \/>\nalignmiddle<br \/>\n<img decoding=\"async\" src=\"https:\/\/www.kohotahti.fi\/wp-content\/uploads\/2019\/01\/00_header_01-1600x500.jpg\" \/><br \/>\n#<br \/>\newf-btn&#8211;huge<br \/>\n32<br \/>\n#<br \/>\newf-btn&#8211;huge<br \/>\n32<br \/>\n<!-- \/epsilon\/Slides--><br \/>\n<!-- \/epsilon\/advanced-slider --><\/p>\n<p><!-- epsilon\/about --><br \/>\n<b>Kohota mielialaasi musiikin avulla!<\/b><br \/>\n <font size=\"5\">Kohotahti Oy:n kuntoutus- ja opetuspalvelut ovat k\u00e4yt\u00f6ss\u00e4si \u2013 ota rohkeasti yhteytt\u00e4!<\/font><\/p>\n<p>Ota yhteytt\u00e4<\/p>\n<div class=\"responsive-video-container\">\n<blockquote class=\"wp-embedded-content\" data-secret=\"FrwyTvxg7y\"><p><a href=\"https:\/\/www.kohotahti.fi\/index.php\/yhteystiedot\/\">Yhteystiedot<\/a><\/p><\/blockquote>\n<p><iframe class=\"wp-embedded-content\" sandbox=\"allow-scripts\" security=\"restricted\" style=\"position: absolute; clip: rect(1px, 1px, 1px, 1px);\" src=\"https:\/\/www.kohotahti.fi\/index.php\/yhteystiedot\/embed\/#?secret=FrwyTvxg7y\" data-secret=\"FrwyTvxg7y\" width=\"600\" height=\"338\" title=\"&#8221;Yhteystiedot&#8221; &#8212; Kohotahti\" frameborder=\"0\" marginwidth=\"0\" marginheight=\"0\" scrolling=\"no\"><\/iframe><\/div>\n<p><!-- \/epsilon\/about --><\/p>\n<p><!-- epsilon\/pricing --><br \/>\nTutustu palveluihin:<br \/>\n<!-- epsilon\/portum_price_boxes --><br \/>\n<!-- epsilon\/Price Boxes--><\/p>\n<h4 class=\"price-title\">Musiikkiterapia<\/h4>\n<div class=\"price-box-features\"><img decoding=\"async\" loading=\"lazy\" src=\"https:\/\/www.kohotahti.fi\/wp-content\/uploads\/2019\/01\/musiikkiterapia2.jpg\" alt=\"Smiley face\" height=\"\" width=\"200px\"><\/p>\n<\/div>\n<p><!-- \/epsilon\/Price Boxes--><br \/>\n<!-- epsilon\/Price Boxes--><\/p>\n<h4 class=\"price-title\">Musiikkikasvatus<\/h4>\n<div class=\"price-box-features\"><img decoding=\"async\" loading=\"lazy\" src=\"https:\/\/www.kohotahti.fi\/wp-content\/uploads\/2019\/01\/musiikkikasvatus.jpg\" alt=\"Smiley face\" height=\"\" width=\"200px\"><\/p>\n<\/div>\n<p><!-- \/epsilon\/Price Boxes--><br \/>\n<!-- \/epsilon\/portum_price_boxes --><br \/>\n<!-- \/epsilon\/pricing --><\/p>\n","protected":false},"excerpt":{"rendered":"<p>16 16 100 center alignmiddle # ewf-btn&#8211;huge 32 # ewf-btn&#8211;huge 32 Kohota mielialaasi musiikin avulla! Kohotahti Oy:n kuntoutus- ja opetuspalvelut ovat k\u00e4yt\u00f6ss\u00e4si \u2013 ota rohkeasti yhteytt\u00e4! Ota yhteytt\u00e4 Yhteystiedot Tutustu palveluihin: Musiikkiterapia Musiikkikasvatus<\/p>\n","protected":false},"author":1,"featured_media":0,"parent":0,"menu_order":0,"comment_status":"closed","ping_status":"closed","template":"","meta":{"_mi_skip_tracking":false},"_links":{"self":[{"href":"https:\/\/www.kohotahti.fi\/index.php\/wp-json\/wp\/v2\/pages\/55"}],"collection":[{"href":"https:\/\/www.kohotahti.fi\/index.php\/wp-json\/wp\/v2\/pages"}],"about":[{"href":"https:\/\/www.kohotahti.fi\/index.php\/wp-json\/wp\/v2\/types\/page"}],"author":[{"embeddable":true,"href":"https:\/\/www.kohotahti.fi\/index.php\/wp-json\/wp\/v2\/users\/1"}],"replies":[{"embeddable":true,"href":"https:\/\/www.kohotahti.fi\/index.php\/wp-json\/wp\/v2\/comments?post=55"}],"version-history":[{"count":20,"href":"https:\/\/www.kohotahti.fi\/index.php\/wp-json\/wp\/v2\/pages\/55\/revisions"}],"predecessor-version":[{"id":355,"href":"https:\/\/www.kohotahti.fi\/index.php\/wp-json\/wp\/v2\/pages\/55\/revisions\/355"}],"wp:attachment":[{"href":"https:\/\/www.kohotahti.fi\/index.php\/wp-json\/wp\/v2\/media?parent=55"}],"curies":[{"name":"wp","href":"https:\/\/api.w.org\/{rel}","templated":true}]}}