{"id":107,"date":"2019-01-28T23:30:58","date_gmt":"2019-01-28T21:30:58","guid":{"rendered":"https:\/\/www.kohotahti.fi\/?page_id=107"},"modified":"2019-01-31T23:39:20","modified_gmt":"2019-01-31T21:39:20","slug":"musiikkikasvatus","status":"publish","type":"page","link":"https:\/\/www.kohotahti.fi\/index.php\/musiikkikasvatus\/","title":{"rendered":"Musiikkikasvatus"},"content":{"rendered":"\n<p class=\"has-large-font-size\"><strong>Musiikkikasvatus<\/strong><\/p>\n\n\n\n<div class=\"wp-block-image\"><figure class=\"alignright is-resized\"><img decoding=\"async\" loading=\"lazy\" src=\"https:\/\/www.kohotahti.fi\/wp-content\/uploads\/2019\/01\/monikulttuurisuus-768x1024.jpg\" alt=\"\" class=\"wp-image-269\" width=\"179\" height=\"239\" srcset=\"https:\/\/www.kohotahti.fi\/wp-content\/uploads\/2019\/01\/monikulttuurisuus-768x1024.jpg 768w, https:\/\/www.kohotahti.fi\/wp-content\/uploads\/2019\/01\/monikulttuurisuus-225x300.jpg 225w, https:\/\/www.kohotahti.fi\/wp-content\/uploads\/2019\/01\/monikulttuurisuus.jpg 1000w\" sizes=\"(max-width: 179px) 100vw, 179px\" \/><\/figure><\/div>\n\n\n\n<p>Musiikkikasvatuksen ty\u00f6tapoja ovat soittaminen, laulaminen, kuunteleminen, improvisointi, musiikkiliikunta, taideintegraatio. Eri ty\u00f6tapoja yhdistelem\u00e4ll\u00e4 saadaan aikaan luovia musisointihetki\u00e4, joita voi aistia monin eri aistein ja joista on iloa sek\u00e4 itselle ett\u00e4 muille ymp\u00e4rill\u00e4 oleville ihmisille.<br><br>Kohotahti Oy:n kautta on mahdollista saada asiantuntijaopastusta musiikinopetukseen, erityisesti esimerkiksi musiikin varhaiskasvatukseen p\u00e4iv\u00e4kodeissa tai musikiin kuntoutuksellisiin kysymyksiin.<\/p><\/p>\n\n\n\n<p class=\"has-text-color has-medium-font-size has-vivid-cyan-blue-color\">  Kohotahti Oy:n julkaisema kitaransoiton alkeisopetusmateriaali on tulossa syksyll\u00e4 2019! <br><\/p>\n\n\n\n<p class=\"has-large-font-size\">Erityismusiikkikasvatus<\/p>\n\n\n\n<p>Erilaiset oppimiseen ja sosiaalisiin tilainteisiin liittyv\u00e4t ongelmat voivat hankaloittaa musiikinopiskelua tavanomaisin keinoin. Musiikki kuitenkin kuuluu kaikille ja jokaisella on oikeus musiikin harrastamiseen omalla tavallaan. Ty\u00f6tavat ovat erityismusiikkikasvatuksessa osittain samoja kuin perinteisess\u00e4kin musiikkikasvatuksessa, mutta lis\u00e4ksi voidaan tarvita erilaisia muita apukeinoja asiakaskohtaisesti.<\/p>\n\n\n\n<div class=\"wp-block-image\"><figure class=\"alignright is-resized\"><img decoding=\"async\" loading=\"lazy\" src=\"https:\/\/www.kohotahti.fi\/wp-content\/uploads\/2019\/01\/piano-ja-kasi.jpg\" alt=\"\" class=\"wp-image-287\" width=\"192\" height=\"144\" srcset=\"https:\/\/www.kohotahti.fi\/wp-content\/uploads\/2019\/01\/piano-ja-kasi.jpg 700w, https:\/\/www.kohotahti.fi\/wp-content\/uploads\/2019\/01\/piano-ja-kasi-300x225.jpg 300w\" sizes=\"(max-width: 192px) 100vw, 192px\" \/><\/figure><\/div>\n\n\n\n<p>Erityismusiikkikasvatuksessa tavoitteet ovat ensisijaisesti musiikinoppimisessa, mutta opetus sis\u00e4lt\u00e4\u00e4 my\u00f6s kuntoutuksellisia piirteit\u00e4, vaikka ei olekaan terapiaa. El\u00e4mykset ja onnistumisen kokemukset ovat t\u00e4rke\u00e4ss\u00e4 roolissa. Tavoitteesta toiseen edet\u00e4\u00e4n oppilaan yksil\u00f6llisten taitojen mukaan.<\/p>\n\n\n\n<p>Kohotahti Oy:n kautta on mahdollista saada erityismusiikkikasvatustunteja ja my\u00f6s asiantuntijapalveluita esim. lastentarhanopettajille tai kehitysvammaisten kanssa ty\u00f6skenteleville.&nbsp;<br><\/p>\n\n\n\n<p><br><\/p>\n","protected":false},"excerpt":{"rendered":"<p>Musiikkikasvatus Musiikkikasvatuksen ty\u00f6tapoja ovat soittaminen, laulaminen, kuunteleminen, improvisointi, musiikkiliikunta, taideintegraatio. Eri ty\u00f6tapoja yhdistelem\u00e4ll\u00e4 saadaan aikaan luovia musisointihetki\u00e4, joita voi aistia monin eri aistein ja joista on iloa sek\u00e4 itselle ett\u00e4 muille ymp\u00e4rill\u00e4 oleville ihmisille. Kohotahti Oy:n kautta on mahdollista saada asiantuntijaopastusta musiikinopetukseen, erityisesti esimerkiksi musiikin varhaiskasvatukseen p\u00e4iv\u00e4kodeissa tai musikiin kuntoutuksellisiin kysymyksiin. Kohotahti Oy:n julkaisema kitaransoiton [&hellip;]<\/p>\n","protected":false},"author":1,"featured_media":0,"parent":0,"menu_order":0,"comment_status":"closed","ping_status":"closed","template":"","meta":{"_mi_skip_tracking":false},"_links":{"self":[{"href":"https:\/\/www.kohotahti.fi\/index.php\/wp-json\/wp\/v2\/pages\/107"}],"collection":[{"href":"https:\/\/www.kohotahti.fi\/index.php\/wp-json\/wp\/v2\/pages"}],"about":[{"href":"https:\/\/www.kohotahti.fi\/index.php\/wp-json\/wp\/v2\/types\/page"}],"author":[{"embeddable":true,"href":"https:\/\/www.kohotahti.fi\/index.php\/wp-json\/wp\/v2\/users\/1"}],"replies":[{"embeddable":true,"href":"https:\/\/www.kohotahti.fi\/index.php\/wp-json\/wp\/v2\/comments?post=107"}],"version-history":[{"count":30,"href":"https:\/\/www.kohotahti.fi\/index.php\/wp-json\/wp\/v2\/pages\/107\/revisions"}],"predecessor-version":[{"id":331,"href":"https:\/\/www.kohotahti.fi\/index.php\/wp-json\/wp\/v2\/pages\/107\/revisions\/331"}],"wp:attachment":[{"href":"https:\/\/www.kohotahti.fi\/index.php\/wp-json\/wp\/v2\/media?parent=107"}],"curies":[{"name":"wp","href":"https:\/\/api.w.org\/{rel}","templated":true}]}}