{"id":102,"date":"2019-01-28T23:30:19","date_gmt":"2019-01-28T21:30:19","guid":{"rendered":"https:\/\/www.kohotahti.fi\/?page_id=102"},"modified":"2019-01-31T23:39:45","modified_gmt":"2019-01-31T21:39:45","slug":"musiikkiterapia","status":"publish","type":"page","link":"https:\/\/www.kohotahti.fi\/index.php\/musiikkiterapia\/","title":{"rendered":"Musiikkiterapia"},"content":{"rendered":"\n<p class=\"has-large-font-size\"><strong>Mit\u00e4 on musiikkiterapia?<\/strong><\/p>\n\n\n\n<div class=\"wp-block-image\"><figure class=\"alignright is-resized\"><img decoding=\"async\" loading=\"lazy\" src=\"https:\/\/www.kohotahti.fi\/wp-content\/uploads\/2019\/01\/tabletti-ja-kuulokkeet.jpg\" alt=\"\" class=\"wp-image-251\" width=\"235\" height=\"177\" srcset=\"https:\/\/www.kohotahti.fi\/wp-content\/uploads\/2019\/01\/tabletti-ja-kuulokkeet.jpg 1000w, https:\/\/www.kohotahti.fi\/wp-content\/uploads\/2019\/01\/tabletti-ja-kuulokkeet-300x225.jpg 300w, https:\/\/www.kohotahti.fi\/wp-content\/uploads\/2019\/01\/tabletti-ja-kuulokkeet-768x576.jpg 768w\" sizes=\"(max-width: 235px) 100vw, 235px\" \/><\/figure><\/div>\n\n\n\n<p>Musiikkiterapia on kuntoutusmuoto, jossa musiikkia ja sen eri  elementtej\u00e4 (rytmi, melodia, harmonia, sointiv\u00e4ri, dynamiikka) k\u00e4ytet\u00e4\u00e4n  asiakkaan kuntoutumisen v\u00e4linein\u00e4. <\/p>\n\n\n\n<p>Musiikkiterapiassa keskeist\u00e4 on vuorovaikutus asiakkaan, terapeutin ja musiikin v\u00e4lill\u00e4. Musiikkia k\u00e4ytet\u00e4\u00e4n sek\u00e4 kuntouttavana v\u00e4lineen\u00e4 ett\u00e4 itsess\u00e4\u00e4n hoitavana elementtin\u00e4. Musiikkiterapiassa pyrit\u00e4\u00e4n mahdollisimman kokonaisvaltaiseen kuntoutukseen.<\/p>\n\n\n\n<p>Kuntoutusmuotona musiikkiterapiaa k\u00e4ytet\u00e4\u00e4n mm. psyykkisten, fyysisten ja neurologisten ongelmien hoidossa. Musiikkiterapiassa voi harjoitella sosiaalisia taitoja ja kohdata vaikeita asioita turvallisessa ymp\u00e4rist\u00f6ss\u00e4. Terapia voi olla tavoitteiltaan my\u00f6s ennaltaehk\u00e4isev\u00e4\u00e4 ja taitoja yll\u00e4pit\u00e4v\u00e4\u00e4.<\/p>\n\n\n\n<div class=\"wp-block-image\"><figure class=\"alignright is-resized\"><img decoding=\"async\" loading=\"lazy\" src=\"https:\/\/www.kohotahti.fi\/wp-content\/uploads\/2019\/01\/laululyriikat.jpg\" alt=\"\" class=\"wp-image-252\" width=\"246\" height=\"185\" srcset=\"https:\/\/www.kohotahti.fi\/wp-content\/uploads\/2019\/01\/laululyriikat.jpg 1000w, https:\/\/www.kohotahti.fi\/wp-content\/uploads\/2019\/01\/laululyriikat-300x225.jpg 300w, https:\/\/www.kohotahti.fi\/wp-content\/uploads\/2019\/01\/laululyriikat-768x576.jpg 768w\" sizes=\"(max-width: 246px) 100vw, 246px\" \/><\/figure><\/div>\n\n\n\n<p>Musiikkiterapia voi olla yksil\u00f6- tai ryhm\u00e4terapiaa. Musiikkiterapia soveltuu kaikenik\u00e4isille &#8211; lapsille, nuorille, aikuisille ja vanhuksille sek\u00e4 my\u00f6s odottaville \u00e4ideille. Asiakkaalta ei vaadita mink\u00e4\u00e4nlaista musiikillista osaamista ja ty\u00f6skentelymenetelm\u00e4t valitaan kunkin asiakkaan taidoille sopivaksi.<\/p>\n\n\n\n<p>Menetelmin\u00e4 k\u00e4ytet\u00e4\u00e4n mm. soittamista, improvisoimista,\nmusiikin kuuntelua, musiikkiliikuntaa, omien laulujen tekemist\u00e4 soittimilla tai\ntietokoneella\/tabletilla ja kuvallista ilmaisua yhdistettyn\u00e4 musiikkiin.<\/p>\n\n\n\n<div class=\"wp-block-image\"><figure class=\"alignright is-resized\"><img decoding=\"async\" loading=\"lazy\" src=\"https:\/\/www.kohotahti.fi\/wp-content\/uploads\/2019\/01\/piikkipallokuva-768x1024.jpg\" alt=\"\" class=\"wp-image-253\" width=\"161\" height=\"215\" srcset=\"https:\/\/www.kohotahti.fi\/wp-content\/uploads\/2019\/01\/piikkipallokuva-768x1024.jpg 768w, https:\/\/www.kohotahti.fi\/wp-content\/uploads\/2019\/01\/piikkipallokuva-225x300.jpg 225w\" sizes=\"(max-width: 161px) 100vw, 161px\" \/><\/figure><\/div>\n\n\n\n<p>Musiikkiterapialla on aina kuntoutukselliset tavoitteet,\njoiden toteutumista seurataan koko terapiaprosessin ajan. Tavoitteet asetetaan\nasiakasl\u00e4ht\u00f6isesti yhteisty\u00f6ss\u00e4 asiakkaan ja mahdollisesti h\u00e4nt\u00e4 hoitavien\nmuiden tahojen kanssa.<\/p>\n\n\n\n<p>Kohotahti Oy:n musiikkiterapiaan voi tulla joko itse\nmaksavana asiakkaana, l\u00e4\u00e4k\u00e4rin kirjoittaman l\u00e4hetteen kautta, Kelan (vaativa\nl\u00e4\u00e4kinn\u00e4llinen kuntoutus), vakuutusyhti\u00f6iden tai sairaanhoitopiirien maksamana.<\/p>\n\n\n\n<div class=\"is-layout-flex wp-container-3 wp-block-columns has-2-columns\">\n<div class=\"is-layout-flow wp-block-column\">\n<p><\/p>\n<\/div>\n\n\n\n<div class=\"is-layout-flow wp-block-column\"><\/div>\n<\/div>\n","protected":false},"excerpt":{"rendered":"<p>Mit\u00e4 on musiikkiterapia? Musiikkiterapia on kuntoutusmuoto, jossa musiikkia ja sen eri elementtej\u00e4 (rytmi, melodia, harmonia, sointiv\u00e4ri, dynamiikka) k\u00e4ytet\u00e4\u00e4n asiakkaan kuntoutumisen v\u00e4linein\u00e4. Musiikkiterapiassa keskeist\u00e4 on vuorovaikutus asiakkaan, terapeutin ja musiikin v\u00e4lill\u00e4. Musiikkia k\u00e4ytet\u00e4\u00e4n sek\u00e4 kuntouttavana v\u00e4lineen\u00e4 ett\u00e4 itsess\u00e4\u00e4n hoitavana elementtin\u00e4. Musiikkiterapiassa pyrit\u00e4\u00e4n mahdollisimman kokonaisvaltaiseen kuntoutukseen. Kuntoutusmuotona musiikkiterapiaa k\u00e4ytet\u00e4\u00e4n mm. psyykkisten, fyysisten ja neurologisten ongelmien hoidossa. Musiikkiterapiassa [&hellip;]<\/p>\n","protected":false},"author":1,"featured_media":0,"parent":0,"menu_order":0,"comment_status":"closed","ping_status":"closed","template":"","meta":{"_mi_skip_tracking":false},"_links":{"self":[{"href":"https:\/\/www.kohotahti.fi\/index.php\/wp-json\/wp\/v2\/pages\/102"}],"collection":[{"href":"https:\/\/www.kohotahti.fi\/index.php\/wp-json\/wp\/v2\/pages"}],"about":[{"href":"https:\/\/www.kohotahti.fi\/index.php\/wp-json\/wp\/v2\/types\/page"}],"author":[{"embeddable":true,"href":"https:\/\/www.kohotahti.fi\/index.php\/wp-json\/wp\/v2\/users\/1"}],"replies":[{"embeddable":true,"href":"https:\/\/www.kohotahti.fi\/index.php\/wp-json\/wp\/v2\/comments?post=102"}],"version-history":[{"count":20,"href":"https:\/\/www.kohotahti.fi\/index.php\/wp-json\/wp\/v2\/pages\/102\/revisions"}],"predecessor-version":[{"id":356,"href":"https:\/\/www.kohotahti.fi\/index.php\/wp-json\/wp\/v2\/pages\/102\/revisions\/356"}],"wp:attachment":[{"href":"https:\/\/www.kohotahti.fi\/index.php\/wp-json\/wp\/v2\/media?parent=102"}],"curies":[{"name":"wp","href":"https:\/\/api.w.org\/{rel}","templated":true}]}}